{"id":239,"date":"2025-10-28T07:38:42","date_gmt":"2025-10-28T07:38:42","guid":{"rendered":"https:\/\/acecoll.com\/?post_type=product&#038;p=239"},"modified":"2026-02-11T07:22:37","modified_gmt":"2026-02-11T07:22:37","slug":"af017-taktisk-dolk-med-fullerblad-aus-10-stal-for-utomhusbruk","status":"publish","type":"product","link":"https:\/\/acecoll.com\/sv\/product\/af017-taktisk-dolk-med-fullerblad-aus-10-stal-for-utomhusbruk\/","title":{"rendered":"AC017 Medium taktisk \u00f6verlevnadsdolk"},"content":{"rendered":"<p>AC017 Medium Tactical Survival Dagger \u00e4r en fint utformad full-tang dolk som blandar taktisk prestanda med hantverksm\u00e4ssigt hantverk.<\/p>\n<p>Bladet \u00e4r handsmitt av h\u00f6gpresterande AUS-10 rostfritt st\u00e5l, vilket ger exceptionell sk\u00e4rpa, seghet och enast\u00e5ende motst\u00e5ndskraft mot korrosion och slitage.<\/p>\n<p>En central fuller groove-design minskar inte bara den totala vikten utan f\u00f6rb\u00e4ttrar ocks\u00e5 strukturens styvhet och ger bladet ett visuellt djup.<\/p>\n<p>Den har en full-tang-konstruktion som l\u00f6per genom hela handtaget och garanterar \u00f6verl\u00e4gsen styrka och tillf\u00f6rlitlighet \u00e4ven vid tung anv\u00e4ndning.<\/p>\n<p>Handtaget i l\u00f6vtr\u00e4 ger ett bekv\u00e4mt, halkfritt grepp och kombinerar fint hantverk med s\u00e4ker hantering. L\u00e4derslidan i vintagestil ger en exakt passform f\u00f6r s\u00e4ker f\u00f6rvaring och enkel b\u00e4rning.<\/p>\n<p>Oavsett om det g\u00e4ller camping, jakt, \u00f6verlevnad utomhus, utforskning av vildmarken eller visning av samlingen \u00e4r AC017 en taktisk dolk av h\u00f6gsta kvalitet som f\u00f6rkroppsligar b\u00e5de styrka och hantverk.<\/p>","protected":false},"excerpt":{"rendered":"<p>Dubbeleggad symmetrisk dolkdesign: Klassisk taktisk stil f\u00f6r b\u00e5de offensiv och defensiv, kombinerar praktisk funktion med samlarv\u00e4rde.<br \/>\nFullare sp\u00e5rstruktur: Minskar bladets totala vikt samtidigt som den f\u00f6rb\u00e4ttrar styvheten och ger ett sl\u00e5ende taktiskt utseende.<br \/>\nH\u00f6gpresterande AUS-10-st\u00e5l: Ger exceptionell styrka och sk\u00e4rpa.<br \/>\nFulltandad konstruktion: Bladet l\u00f6per genom hela handtaget, vilket ger enast\u00e5ende styrka och tillf\u00f6rlitlighet.<br \/>\nHandtag i l\u00f6vtr\u00e4: Bekv\u00e4mt, stabilt och halks\u00e4kert grepp som kombinerar hantverk med anv\u00e4ndarv\u00e4nlighet.<br \/>\nSlida i l\u00e4der: Ger en s\u00e4ker passform f\u00f6r trygg f\u00f6rvaring samtidigt som den ger ett raffinerat premiumutseende.<br \/>\nBegr\u00e4nsad hantverksutg\u00e5va: Varje bit \u00e4r handsmidd och polerad av skickliga hantverkare, vilket framh\u00e4ver dess unika samlarv\u00e4rde.<\/p>","protected":false},"featured_media":372,"comment_status":"open","ping_status":"closed","template":"","meta":{"_acf_changed":false,"inline_featured_image":false,"slim_seo":{"description":"AC017 har en fuller groove-design och full-tang-konstruktion, vilket ger b\u00e5de sk\u00e4rpa och stabilitet. En taktisk premiumkniv som kombinerar styrka och hantverksskicklighet - nu stors\u00e4ljande, klicka f\u00f6r att l\u00e4sa mer!","title":"AC017 Medium Tactical Survival Dagger - ACECOLL"}},"product_brand":[],"product_cat":[17,20],"product_tag":[],"class_list":{"0":"post-239","1":"product","2":"type-product","3":"status-publish","4":"has-post-thumbnail","6":"product_cat-full-tang-knives","7":"product_cat-tactical-dagger","9":"first","10":"instock","11":"taxable","12":"shipping-taxable","13":"purchasable","14":"product-type-simple"},"acf":[],"_links":{"self":[{"href":"https:\/\/acecoll.com\/sv\/wp-json\/wp\/v2\/product\/239","targetHints":{"allow":["GET"]}}],"collection":[{"href":"https:\/\/acecoll.com\/sv\/wp-json\/wp\/v2\/product"}],"about":[{"href":"https:\/\/acecoll.com\/sv\/wp-json\/wp\/v2\/types\/product"}],"replies":[{"embeddable":true,"href":"https:\/\/acecoll.com\/sv\/wp-json\/wp\/v2\/comments?post=239"}],"version-history":[{"count":4,"href":"https:\/\/acecoll.com\/sv\/wp-json\/wp\/v2\/product\/239\/revisions"}],"predecessor-version":[{"id":1250,"href":"https:\/\/acecoll.com\/sv\/wp-json\/wp\/v2\/product\/239\/revisions\/1250"}],"wp:featuredmedia":[{"embeddable":true,"href":"https:\/\/acecoll.com\/sv\/wp-json\/wp\/v2\/media\/372"}],"wp:attachment":[{"href":"https:\/\/acecoll.com\/sv\/wp-json\/wp\/v2\/media?parent=239"}],"wp:term":[{"taxonomy":"product_brand","embeddable":true,"href":"https:\/\/acecoll.com\/sv\/wp-json\/wp\/v2\/product_brand?post=239"},{"taxonomy":"product_cat","embeddable":true,"href":"https:\/\/acecoll.com\/sv\/wp-json\/wp\/v2\/product_cat?post=239"},{"taxonomy":"product_tag","embeddable":true,"href":"https:\/\/acecoll.com\/sv\/wp-json\/wp\/v2\/product_tag?post=239"}],"curies":[{"name":"wp","href":"https:\/\/api.w.org\/{rel}","templated":true}]}}