{"id":240,"date":"2025-10-28T07:38:42","date_gmt":"2025-10-28T07:38:42","guid":{"rendered":"https:\/\/acecoll.com\/?post_type=product&#038;p=240"},"modified":"2026-04-08T02:02:54","modified_gmt":"2026-04-08T02:02:54","slug":"ac020-kniv-i-kukri-stil","status":"publish","type":"product","link":"https:\/\/acecoll.com\/sv\/product\/ac020-kniv-i-kukri-stil\/","title":{"rendered":"AC020 Stor taktisk Kukri \u00f6verlevnadskniv"},"content":{"rendered":"<p>AC020 Large Tactical Kukri Survival Machete \u00e4r en premiumkniv f\u00f6r utomhusbruk som kombinerar kraft med raffinerat hantverk.<\/p>\n<p>Bladet \u00e4r smidd av h\u00f6gh\u00e5llfast st\u00e5l med en h\u00e5rdhet p\u00e5 62\u00b1HRC och har ett distinkt 3D fiskskalem\u00f6nster som ger en stark metallisk textur och ett sl\u00e5ende visuellt intryck.<\/p>\n<p>Fulltangskonstruktionen l\u00f6per genom hela handtaget, vilket ger stabilitet och tillf\u00f6rlitlighet vid kr\u00e4vande utomhusbruk.<\/p>\n<p>Handtaget i l\u00f6vtr\u00e4 ligger bekv\u00e4mt i handen och ger ett s\u00e4kert och halkfritt grepp, medan st\u00e5lskyddet och pommel f\u00f6rb\u00e4ttrar balansen och s\u00e4kerheten.<\/p>\n<p>Den levereras med en handsydd l\u00e4derslida f\u00f6r enkel transport och l\u00e5ngsiktigt skydd.<\/p>\n<p>AC020 \u00e4r perfekt f\u00f6r camping, jakt och djungel\u00f6verlevnad och har ocks\u00e5 ett exceptionellt samlarv\u00e4rde f\u00f6r kniventusiaster.<\/p>","protected":false},"excerpt":{"rendered":"<p><strong>3D-blad f\u00f6r fiskfj\u00e4ll<\/strong>: Handsmitt m\u00f6nster \u00f6kar h\u00e5llbarheten och ger varje kniv ett unikt utseende<br \/>\n<strong>Full-Tang konstruktion: <\/strong>Maximal styrka fr\u00e5n spets till pommel f\u00f6r kr\u00e4vande utomhusbruk<br \/>\n<strong>Handtag i l\u00f6vtr\u00e4 och st\u00e5lskydd: <\/strong>C S\u00e4kert grepp med klassisk utomhusdesign<br \/>\n<strong>Slida i premiuml\u00e4der: <\/strong>C Handtillverkad f\u00f6r s\u00e4ker transport och l\u00e5ngvarigt skydd<br \/>\n<strong>Master Bladesmith Limited Edition: <\/strong>C Varje del \u00e4r handgjord, samlarobjekt och byggd f\u00f6r att h\u00e5lla l\u00e4nge<br \/>\n<strong>62?? HRC H\u00e5rdhet: <\/strong>H\u00e5ller en rakbladsvass egg f\u00f6r \u00f6verlevnad, camping eller visning<\/p>","protected":false},"featured_media":378,"comment_status":"open","ping_status":"closed","template":"","meta":{"_acf_changed":false,"inline_featured_image":false,"slim_seo":{"title":"AC020 Large Tactical Kukri Survival Knife - ACECOLL","description":"3D Fish-Scale blad: Handsmitt m\u00f6nster f\u00f6rb\u00e4ttrar h\u00e5llbarheten och ger varje kniv ett unikt utseende Full-Tang konstruktion: Maximal styrka fr\u00e5n spets till pommel f\u00f6r"}},"product_brand":[],"product_cat":[16,17,26],"product_tag":[],"class_list":{"0":"post-240","1":"product","2":"type-product","3":"status-publish","4":"has-post-thumbnail","6":"product_cat-fixed-blade-knife","7":"product_cat-full-tang-knives","8":"product_cat-kukri-style-knives","10":"first","11":"instock","12":"taxable","13":"shipping-taxable","14":"purchasable","15":"product-type-simple"},"acf":[],"_links":{"self":[{"href":"https:\/\/acecoll.com\/sv\/wp-json\/wp\/v2\/product\/240","targetHints":{"allow":["GET"]}}],"collection":[{"href":"https:\/\/acecoll.com\/sv\/wp-json\/wp\/v2\/product"}],"about":[{"href":"https:\/\/acecoll.com\/sv\/wp-json\/wp\/v2\/types\/product"}],"replies":[{"embeddable":true,"href":"https:\/\/acecoll.com\/sv\/wp-json\/wp\/v2\/comments?post=240"}],"version-history":[{"count":9,"href":"https:\/\/acecoll.com\/sv\/wp-json\/wp\/v2\/product\/240\/revisions"}],"predecessor-version":[{"id":1413,"href":"https:\/\/acecoll.com\/sv\/wp-json\/wp\/v2\/product\/240\/revisions\/1413"}],"wp:featuredmedia":[{"embeddable":true,"href":"https:\/\/acecoll.com\/sv\/wp-json\/wp\/v2\/media\/378"}],"wp:attachment":[{"href":"https:\/\/acecoll.com\/sv\/wp-json\/wp\/v2\/media?parent=240"}],"wp:term":[{"taxonomy":"product_brand","embeddable":true,"href":"https:\/\/acecoll.com\/sv\/wp-json\/wp\/v2\/product_brand?post=240"},{"taxonomy":"product_cat","embeddable":true,"href":"https:\/\/acecoll.com\/sv\/wp-json\/wp\/v2\/product_cat?post=240"},{"taxonomy":"product_tag","embeddable":true,"href":"https:\/\/acecoll.com\/sv\/wp-json\/wp\/v2\/product_tag?post=240"}],"curies":[{"name":"wp","href":"https:\/\/api.w.org\/{rel}","templated":true}]}}