{"id":243,"date":"2025-10-28T07:38:42","date_gmt":"2025-10-28T07:38:42","guid":{"rendered":"https:\/\/acecoll.com\/?post_type=product&#038;p=243"},"modified":"2025-11-27T01:51:02","modified_gmt":"2025-11-27T01:51:02","slug":"af001-medium-clip-point-taktisk-overlevnadskniv","status":"publish","type":"product","link":"https:\/\/acecoll.com\/sv\/product\/af001-medium-clip-point-taktisk-overlevnadskniv\/","title":{"rendered":"AC001 Medium Clip Point Taktisk &amp; \u00f6verlevnadskniv"},"content":{"rendered":"<p>AC001 Medium Clip Point Tactical &amp; Survival Knife combines practical performance with a clean, minimalist design.<\/p>\n<p>Bladet \u00e4r smidd av h\u00f6gpresterande D2-verktygsst\u00e5l, vilket ger sk\u00e4rpa, slitstyrka, utm\u00e4rkt korrosionsskydd och l\u00e5ngvarig eggh\u00e5llning. Full-Tang-konstruktionen l\u00f6per genom hela handtaget, vilket garanterar solid tillf\u00f6rlitlighet vid intensiv anv\u00e4ndning utomhus.<\/p>\n<p>Det nylonf\u00f6rst\u00e4rkta handtaget \u00e4r ergonomiskt utformat f\u00f6r ett s\u00e4kert, halkfritt och bekv\u00e4mt grepp. Den levereras med en t\u00e5lig Kydex-slida f\u00f6r enkel transport och snabb \u00e5tkomst, perfekt f\u00f6r camping, vandring, \u00f6verlevnad, jakt och vardagsb\u00e4rande.<\/p>\n<p>Finns i f\u00e4rgerna svart och brunt.<\/p>","protected":false},"excerpt":{"rendered":"<ul>\n<li><b><span data-font-family=\"\u5b8b\u4f53\">Blad av h\u00f6gpresterande D2-st\u00e5l:<\/span><\/b><span data-font-family=\"\u5b8b\u4f53\"> Tillverkad av premium D2 verktygsst\u00e5l f\u00f6r \u00f6verl\u00e4gsen sk\u00e4rpa, slitstyrka och korrosionsskydd.<\/span><\/li>\n<li><b><span data-font-family=\"\u5b8b\u4f53\">Professionell design f\u00f6r utomhusbruk:<\/span><\/b><span data-font-family=\"\u5b8b\u4f53\"> Skapad av en erfaren friluftsentusiast. Den exakta bladkr\u00f6kningen ger utm\u00e4rkt sk\u00e4rf\u00f6rm\u00e5ga och kontroll. Den kryogena anl\u00f6pningsprocessen f\u00f6rfinar st\u00e5lets struktur och ger \u00f6kad styrka och seghet.<\/span><\/li>\n<li><b><span data-font-family=\"\u5b8b\u4f53\">Ergonomiskt handtag:<\/span><\/b><span data-font-family=\"\u5b8b\u4f53\"> Nylonf\u00f6rst\u00e4rkt handtag ger ett s\u00e4kert och halkfritt grepp. Djupa fingersk\u00e5ror ger stabilitet och precision, \u00e4ven med v\u00e5ta h\u00e4nder.<\/span><\/li>\n<li><b><span data-font-family=\"\u5b8b\u4f53\">L\u00e4tt och m\u00e5ngsidig:<\/span><\/b><span data-font-family=\"\u5b8b\u4f53\"> V\u00e4ger endast 230 g. Kompakt och smidig, idealisk f\u00f6r camping, vandring, \u00f6verlevnad, jakt eller vardagsb\u00e4rande.<\/span><\/li>\n<li><b><span data-font-family=\"\u5b8b\u4f53\">F\u00e4rgalternativ:<\/span><\/b><span data-font-family=\"\u5b8b\u4f53\"> Finns i svart eller brunt.<\/span><\/li>\n<\/ul>","protected":false},"featured_media":387,"comment_status":"open","ping_status":"closed","template":"","meta":{"_acf_changed":false,"inline_featured_image":false,"slim_seo":{"title":"Medium Clip Point taktisk kniv och \u00f6verlevnadskniv - ACECOLL","description":"AC001 Medium Clip Point Tactical &amp; Survival Knife, designad av erfarna friluftsentusiaster, perfekt f\u00f6r camping, vandring, \u00f6verlevnad, jakt och EDC, klicka f\u00f6r att l\u00e4ra dig mer!"}},"product_brand":[],"product_cat":[16,17,18,19],"product_tag":[],"class_list":{"0":"post-243","1":"product","2":"type-product","3":"status-publish","4":"has-post-thumbnail","6":"product_cat-fixed-blade-knife","7":"product_cat-full-tang-knives","8":"product_cat-survival-knives","9":"product_cat-tactical-knives","11":"first","12":"instock","13":"taxable","14":"shipping-taxable","15":"purchasable","16":"product-type-variable"},"acf":[],"_links":{"self":[{"href":"https:\/\/acecoll.com\/sv\/wp-json\/wp\/v2\/product\/243","targetHints":{"allow":["GET"]}}],"collection":[{"href":"https:\/\/acecoll.com\/sv\/wp-json\/wp\/v2\/product"}],"about":[{"href":"https:\/\/acecoll.com\/sv\/wp-json\/wp\/v2\/types\/product"}],"replies":[{"embeddable":true,"href":"https:\/\/acecoll.com\/sv\/wp-json\/wp\/v2\/comments?post=243"}],"version-history":[{"count":10,"href":"https:\/\/acecoll.com\/sv\/wp-json\/wp\/v2\/product\/243\/revisions"}],"predecessor-version":[{"id":1680,"href":"https:\/\/acecoll.com\/sv\/wp-json\/wp\/v2\/product\/243\/revisions\/1680"}],"wp:featuredmedia":[{"embeddable":true,"href":"https:\/\/acecoll.com\/sv\/wp-json\/wp\/v2\/media\/387"}],"wp:attachment":[{"href":"https:\/\/acecoll.com\/sv\/wp-json\/wp\/v2\/media?parent=243"}],"wp:term":[{"taxonomy":"product_brand","embeddable":true,"href":"https:\/\/acecoll.com\/sv\/wp-json\/wp\/v2\/product_brand?post=243"},{"taxonomy":"product_cat","embeddable":true,"href":"https:\/\/acecoll.com\/sv\/wp-json\/wp\/v2\/product_cat?post=243"},{"taxonomy":"product_tag","embeddable":true,"href":"https:\/\/acecoll.com\/sv\/wp-json\/wp\/v2\/product_tag?post=243"}],"curies":[{"name":"wp","href":"https:\/\/api.w.org\/{rel}","templated":true}]}}