{"id":244,"date":"2025-10-28T07:38:42","date_gmt":"2025-10-28T07:38:42","guid":{"rendered":"https:\/\/acecoll.com\/?post_type=product&#038;p=244"},"modified":"2025-11-14T02:19:55","modified_gmt":"2025-11-14T02:19:55","slug":"af002-medium-spjutspets-taktisk-overlevnadsdolk","status":"publish","type":"product","link":"https:\/\/acecoll.com\/sv\/product\/af002-medium-spjutspets-taktisk-overlevnadsdolk\/","title":{"rendered":"AC002 Medium spjutspets taktik- och \u00f6verlevnadsdolk"},"content":{"rendered":"<p>AC002 Medium Spear Point Tactical &amp; Survival Dagger, utformad f\u00f6r utomhusanv\u00e4ndare som str\u00e4var efter h\u00f6g prestanda och tillf\u00f6rlitlighet.<\/p>\n<p>The blade is made of premium M390 steel, sharp and durable, with excellent wear and corrosion resistance. The full tang structure further ensures a solid and stable build.<\/p>\n<p>Tr\u00e4handtag f\u00f6r ett bekv\u00e4mt grepp, parat med en slida i \u00e4kta l\u00e4der. Den levereras ocks\u00e5 med en solid m\u00e4ssingsknapp och ett h\u00e5l f\u00f6r nyckelband, s\u00e5 att den snabbt och enkelt kan n\u00e5s fr\u00e5n ett b\u00e4lte eller en st\u00f6vel.<\/p>\n<p>Total l\u00e4ngd 10,2 tum, bladl\u00e4ngd 5,5 tum, en v\u00e4lbalanserad storlek som \u00e4r mycket l\u00e4mplig att b\u00e4ra utomhus eller i n\u00f6dsituationer.<\/p>\n<p>Oavsett om det g\u00e4ller camping, vandring, EDC eller \u00f6verlevnad utomhus \u00e4r AC002 ett p\u00e5litligt multifunktionsverktyg som du kan r\u00e4kna med.<\/p>","protected":false},"excerpt":{"rendered":"<p>F\u00f6rstklassigt st\u00e5l: Bladet \u00e4r tillverkat av h\u00f6gkvalitativt M390-st\u00e5l, vasst och h\u00e5llbart, med utm\u00e4rkt slitstyrka och korrosionsbest\u00e4ndighet. Konstruktionen med full t\u00e5nge f\u00f6rb\u00e4ttrar knivens stabilitet ytterligare.<br \/>\nBekv\u00e4mt handtag: Designad med ett handtag i massivt tr\u00e4, halkfritt och h\u00e5llbart, bekv\u00e4mt att h\u00e5lla i, vilket s\u00e4kerst\u00e4ller stabil kontroll i olika utomhusmilj\u00f6er.<br \/>\nS\u00e4ker f\u00f6rvaring: Levereras med en l\u00e4derslida f\u00f6r att skydda bladet och f\u00f6rhindra att det glider. Med ett h\u00e5l f\u00f6r nyckelband kan den f\u00e4stas i ett b\u00e4lte eller en st\u00f6vel f\u00f6r s\u00e4krare f\u00f6rvaring.<br \/>\nM\u00e5ngsidig anv\u00e4ndning: L\u00e4mplig f\u00f6r camping, vandring, EDC, \u00f6verlevnad och ett brett spektrum av utomhusscenarier.<\/p>","protected":false},"featured_media":393,"comment_status":"open","ping_status":"closed","template":"","meta":{"_acf_changed":false,"inline_featured_image":false,"slim_seo":{"title":"AC002 Medium spjutspets taktik- och \u00f6verlevnadsdolk - ACECOLL","description":"AC002 Medium Tactical &amp; Survival Dagger: premium M390 st\u00e5l + full tang. Perfekt f\u00f6r camping, vandring, EDC och utomhus\u00f6verlevnad. Nu tillg\u00e4nglig - klicka f\u00f6r att l\u00e4ra dig mer!"}},"product_brand":[],"product_cat":[16,20],"product_tag":[],"class_list":{"0":"post-244","1":"product","2":"type-product","3":"status-publish","4":"has-post-thumbnail","6":"product_cat-fixed-blade-knife","7":"product_cat-tactical-dagger","9":"first","10":"instock","11":"taxable","12":"shipping-taxable","13":"purchasable","14":"product-type-simple"},"acf":[],"_links":{"self":[{"href":"https:\/\/acecoll.com\/sv\/wp-json\/wp\/v2\/product\/244","targetHints":{"allow":["GET"]}}],"collection":[{"href":"https:\/\/acecoll.com\/sv\/wp-json\/wp\/v2\/product"}],"about":[{"href":"https:\/\/acecoll.com\/sv\/wp-json\/wp\/v2\/types\/product"}],"replies":[{"embeddable":true,"href":"https:\/\/acecoll.com\/sv\/wp-json\/wp\/v2\/comments?post=244"}],"version-history":[{"count":5,"href":"https:\/\/acecoll.com\/sv\/wp-json\/wp\/v2\/product\/244\/revisions"}],"predecessor-version":[{"id":1317,"href":"https:\/\/acecoll.com\/sv\/wp-json\/wp\/v2\/product\/244\/revisions\/1317"}],"wp:featuredmedia":[{"embeddable":true,"href":"https:\/\/acecoll.com\/sv\/wp-json\/wp\/v2\/media\/393"}],"wp:attachment":[{"href":"https:\/\/acecoll.com\/sv\/wp-json\/wp\/v2\/media?parent=244"}],"wp:term":[{"taxonomy":"product_brand","embeddable":true,"href":"https:\/\/acecoll.com\/sv\/wp-json\/wp\/v2\/product_brand?post=244"},{"taxonomy":"product_cat","embeddable":true,"href":"https:\/\/acecoll.com\/sv\/wp-json\/wp\/v2\/product_cat?post=244"},{"taxonomy":"product_tag","embeddable":true,"href":"https:\/\/acecoll.com\/sv\/wp-json\/wp\/v2\/product_tag?post=244"}],"curies":[{"name":"wp","href":"https:\/\/api.w.org\/{rel}","templated":true}]}}