{"id":245,"date":"2025-10-28T07:38:42","date_gmt":"2025-10-28T07:38:42","guid":{"rendered":"https:\/\/acecoll.com\/?post_type=product&#038;p=245"},"modified":"2025-11-12T14:52:42","modified_gmt":"2025-11-12T14:52:42","slug":"af003-tanto-djungel-taktisk-overlevnadskniv-medium","status":"publish","type":"product","link":"https:\/\/acecoll.com\/sv\/product\/af003-tanto-djungel-taktisk-overlevnadskniv-medium\/","title":{"rendered":"AC003 Tanto Jungle Tactical &amp; Survival Knife (Medium)"},"content":{"rendered":"<p>AC003 Medium Tanto Jungle Tactical &amp; Survival Knife, designed for outdoor adventure and heavy-duty tasks.<\/p>\n<p>Bladet \u00e4r handsmitt av SKD-11-st\u00e5l med en h\u00e5rdhet p\u00e5 upp till 61 HRC. Den V-formade eggen g\u00f6r den h\u00e4r taktiska kniven l\u00e4mplig f\u00f6r en m\u00e4ngd olika sk\u00e4ruppgifter utomhus.<\/p>\n<p>Full tang construction combined with a black G10 non-slip handle ensures greater stability and reliability.<\/p>\n<p>Utrustad med en Kydex-slida, bekv\u00e4m att b\u00e4ra i b\u00e4lte eller ryggs\u00e4ck, vilket g\u00f6r den mer flexibel och praktisk att anv\u00e4nda.<\/p>\n<p>For Camping, Hiking &amp; Bushcraft, the AC003 Tactical Survival Knife will be your trusted companion.<\/p>","protected":false},"excerpt":{"rendered":"<ul>\n<li><strong>Premium st\u00e5l:<\/strong> AC003 Jungle Tactical &amp; Survival Knife \u00e4r handsmidd av SKD-11-st\u00e5l med en h\u00e5rdhet p\u00e5 upp till 61 HRC, vilket garanterar h\u00e5llbarhet.<\/li>\n<li><strong>Full-Tang konstruktion:<\/strong> Bladdesign i ett stycke med ett halkfritt G10-handtag f\u00f6r ett stabilare och s\u00e4krare grepp.<\/li>\n<li><strong>V-formad kant:<\/strong> Vass och kraftfull, l\u00e4mplig f\u00f6r sk\u00e4rning, hackning och olika utomhusuppgifter.<\/li>\n<li><strong>Kydex mantel:<\/strong> Levereras med ett h\u00f6gh\u00e5llfast, l\u00e4ttviktigt Kydex-slida som st\u00f6der justering i flera vinklar, bekv\u00e4mt att b\u00e4ra i b\u00e4lte eller ryggs\u00e4ck.<\/li>\n<li><strong>M\u00e5ngsidig anv\u00e4ndning utomhus:<\/strong> Perfekt f\u00f6r camping, vandring och djungel\u00f6verlevnad. Kan \u00e4ven anv\u00e4ndas f\u00f6r matlagning, vedhuggning, repsk\u00e4rning och glaskrossning i n\u00f6dsituationer.<\/li>\n<\/ul>","protected":false},"featured_media":399,"comment_status":"open","ping_status":"closed","template":"","meta":{"_acf_changed":false,"inline_featured_image":false,"slim_seo":{"title":"Jungle Tanto taktisk kniv och \u00f6verlevnadskniv (Medium) - ACECOLL","description":"AC003 Tanto Jungle Tactical &amp; Survival Knife (Medium): Handsmidd SKD-11 st\u00e5l + halkfritt handtag, Kydex mantel, f\u00f6r camping, vandring, bushcraft. Nu tillg\u00e4nglig - klicka f\u00f6r att l\u00e4ra dig mer!"}},"product_brand":[],"product_cat":[16,19,21],"product_tag":[],"class_list":{"0":"post-245","1":"product","2":"type-product","3":"status-publish","4":"has-post-thumbnail","6":"product_cat-fixed-blade-knife","7":"product_cat-tactical-knives","8":"product_cat-tanto-knives","10":"first","11":"instock","12":"taxable","13":"shipping-taxable","14":"purchasable","15":"product-type-simple"},"acf":[],"_links":{"self":[{"href":"https:\/\/acecoll.com\/sv\/wp-json\/wp\/v2\/product\/245","targetHints":{"allow":["GET"]}}],"collection":[{"href":"https:\/\/acecoll.com\/sv\/wp-json\/wp\/v2\/product"}],"about":[{"href":"https:\/\/acecoll.com\/sv\/wp-json\/wp\/v2\/types\/product"}],"replies":[{"embeddable":true,"href":"https:\/\/acecoll.com\/sv\/wp-json\/wp\/v2\/comments?post=245"}],"version-history":[{"count":5,"href":"https:\/\/acecoll.com\/sv\/wp-json\/wp\/v2\/product\/245\/revisions"}],"predecessor-version":[{"id":1214,"href":"https:\/\/acecoll.com\/sv\/wp-json\/wp\/v2\/product\/245\/revisions\/1214"}],"wp:featuredmedia":[{"embeddable":true,"href":"https:\/\/acecoll.com\/sv\/wp-json\/wp\/v2\/media\/399"}],"wp:attachment":[{"href":"https:\/\/acecoll.com\/sv\/wp-json\/wp\/v2\/media?parent=245"}],"wp:term":[{"taxonomy":"product_brand","embeddable":true,"href":"https:\/\/acecoll.com\/sv\/wp-json\/wp\/v2\/product_brand?post=245"},{"taxonomy":"product_cat","embeddable":true,"href":"https:\/\/acecoll.com\/sv\/wp-json\/wp\/v2\/product_cat?post=245"},{"taxonomy":"product_tag","embeddable":true,"href":"https:\/\/acecoll.com\/sv\/wp-json\/wp\/v2\/product_tag?post=245"}],"curies":[{"name":"wp","href":"https:\/\/api.w.org\/{rel}","templated":true}]}}